{"id":23601,"date":"2024-02-29T15:30:47","date_gmt":"2024-02-29T14:30:47","guid":{"rendered":"https:\/\/perimeterprotection.net\/impressum-2\/"},"modified":"2024-03-25T13:24:13","modified_gmt":"2024-03-25T12:24:13","slug":"impressum","status":"publish","type":"page","link":"https:\/\/perimeterprotection.net\/ch\/impressum\/","title":{"rendered":"Impressum"},"content":{"rendered":"\t\t<div data-elementor-type=\"wp-page\" data-elementor-id=\"23601\" class=\"elementor elementor-23601 elementor-23591\" data-elementor-post-type=\"page\">\n\t\t\t\t\t\t<main class=\"has_eae_slider elementor-section elementor-top-section elementor-element elementor-element-8ff4c8b elementor-section-full_width elementor-section-height-min-height elementor-section-height-default elementor-section-items-middle\" data-id=\"8ff4c8b\" data-element_type=\"section\" data-settings=\"{&quot;jet_parallax_layout_list&quot;:[],&quot;background_background&quot;:&quot;classic&quot;}\">\n\t\t\t\t\t\t\t<div class=\"elementor-background-overlay\"><\/div>\n\t\t\t\t\t\t\t<div class=\"elementor-container elementor-column-gap-no\">\n\t\t\t\t\t<div class=\"has_eae_slider elementor-column elementor-col-100 elementor-top-column elementor-element elementor-element-b77f53a\" data-id=\"b77f53a\" data-element_type=\"column\">\n\t\t\t<div class=\"elementor-widget-wrap elementor-element-populated\">\n\t\t\t\t\t\t<div class=\"elementor-element elementor-element-3670381 elementor-widget elementor-widget-heading\" data-id=\"3670381\" data-element_type=\"widget\" data-widget_type=\"heading.default\">\n\t\t\t\t<div class=\"elementor-widget-container\">\n\t\t\t<h1 class=\"elementor-heading-title elementor-size-default\">Impressum<\/h1>\t\t<\/div>\n\t\t\t\t<\/div>\n\t\t\t\t\t<\/div>\n\t\t<\/div>\n\t\t\t\t\t<\/div>\n\t\t<\/main>\n\t\t\t\t<section class=\"has_eae_slider elementor-section elementor-top-section elementor-element elementor-element-67088b7 elementor-section-full_width elementor-section-height-default elementor-section-height-default\" data-id=\"67088b7\" data-element_type=\"section\" data-settings=\"{&quot;jet_parallax_layout_list&quot;:[],&quot;background_background&quot;:&quot;gradient&quot;}\">\n\t\t\t\t\t\t<div class=\"elementor-container elementor-column-gap-no\">\n\t\t\t\t\t<div class=\"has_eae_slider elementor-column elementor-col-100 elementor-top-column elementor-element elementor-element-a09c047\" data-id=\"a09c047\" data-element_type=\"column\">\n\t\t\t<div class=\"elementor-widget-wrap elementor-element-populated\">\n\t\t\t\t\t\t<div class=\"elementor-element elementor-element-fabfe67 elementor-widget elementor-widget-heading\" data-id=\"fabfe67\" data-element_type=\"widget\" data-widget_type=\"heading.default\">\n\t\t\t\t<div class=\"elementor-widget-container\">\n\t\t\t<h2 class=\"elementor-heading-title elementor-size-default\">Impressum<\/h2>\t\t<\/div>\n\t\t\t\t<\/div>\n\t\t\t\t<div class=\"elementor-element elementor-element-68efd20 elementor-widget elementor-widget-text-editor\" data-id=\"68efd20\" data-element_type=\"widget\" data-widget_type=\"text-editor.default\">\n\t\t\t\t<div class=\"elementor-widget-container\">\n\t\t\t\t\t\t\t<h2><strong>Hauptsitz:<\/strong><\/h2>\n<p>Perimeter Protection Schweiz AG<br \/>\nWeberr\u00fctistrasse 9<br \/>\n8833 Samstagern<br \/>\nSchweiz<\/p>\n<p><strong>Gesch\u00e4ftsleitung: <\/strong>Urs Schmid<\/p>\n<p>Telefon <a href=\"tel:+41447832211\">+41 (0) 44 783 22 11<\/a><br \/>\nE-Mail: <a href=\"mailto:info@perimeterprotection.ch\">info@perimeterprotection.ch<\/a><\/p>\n<p><strong>Service Kontakt<\/strong><\/p>\n<p>Telefon: <a href=\"tel:+41447832211\">+41 (0) 44 783 22 11<\/a><br \/>\nE-Mail: <a href=\"mailto:info@perimeterprotection.ch\">info@perimeterprotection.ch<\/a><\/p>\n<p>Verantwortlich f\u00fcr den Inhalt dieser Website: Urs Schmid<\/p>\n<h2><strong>E-Mail Adresse<\/strong><\/h2>\n<p>Bitte beachten Sie, dass die oben angegebene E-Mail-Adresse nur zur ersten Kontaktaufnahme dient, Anfragen f\u00fcr kommerzielle Informationen oder Bestellungen sind nicht an diese Adresse zu richten.<\/p>\n<h2><strong>Copyright-Hinweis<\/strong><\/h2>\n<p>Alle Ver\u00f6ffentlichungen auf dieser Website sind Eigentum der PPGG und unterliegen dem Urheberrecht.<\/p>\n<p>Inhalte Dritter sind als solche gekennzeichnet. Die Vervielf\u00e4ltigung, Ver\u00e4nderung oder sonstige Nutzung der Inhalte dieser Website bedarf der vorherigen schriftlichen Zustimmung des Urhebers.<\/p>\n<h2><strong>Haftung<\/strong><\/h2>\n<p>Alle Informationen werden &#171;wie besehen&#187; zu Informationszwecken zur Verf\u00fcgung gestellt, es werden keine stillschweigenden oder sonstigen Garantien in Bezug auf diese Informationen gegeben. PPGG haftet nicht f\u00fcr etwaige Fehler oder Ungenauigkeiten der bereitgestellten Informationen. Ferner wird keine Haftung f\u00fcr Fehler oder \u00c4nderungen an den bereitgestellten Informationen \u00fcbernommen, insbesondere nicht f\u00fcr \u00c4nderungen oder Aktualisierungen von technischen Informationen, Farbabweichungen, Produktbeschreibungen oder Preisinformationen jeglicher Art.<\/p>\n<p>PPGG schlie\u00dft ausdr\u00fccklich jegliche stillschweigende oder anderweitige Gew\u00e4hrleistung hinsichtlich der Nutzung oder der Eignung f\u00fcr den Gebrauch sowie jegliche (vermutete) Verletzung von Gesetzen, einschlie\u00dflich, aber nicht beschr\u00e4nkt auf das Patentrecht, aus.<\/p>\n\t\t\t\t\t\t<\/div>\n\t\t\t\t<\/div>\n\t\t\t\t<div class=\"elementor-element elementor-element-b19ca69 elementor-widget elementor-widget-text-editor\" data-id=\"b19ca69\" data-element_type=\"widget\" data-widget_type=\"text-editor.default\">\n\t\t\t\t<div class=\"elementor-widget-container\">\n\t\t\t\t\t\t\t<h3>Hosting, Umsetzung &amp; Webdesign:<\/h3>\n<p>netfellows GmbH \u2013\u00a0<a href=\"https:\/\/netfellows.de\/\" target=\"_blank\" rel=\"noopener noreferrer\">www.netfellows.de<\/a><\/p>\n<p><a href=\"http:\/\/www.netfellows.de\" target=\"_blank\" rel=\"noopener\"><img decoding=\"async\" class=\"alignnone size-medium wp-image-8232\" src=\"https:\/\/perimeterprotection.net\/wp-content\/uploads\/2022\/12\/netfellows_final-300x76.png\" alt=\"\" width=\"300\" height=\"76\" srcset=\"https:\/\/perimeterprotection.net\/wp-content\/uploads\/2022\/12\/netfellows_final-300x76.png 300w, https:\/\/perimeterprotection.net\/wp-content\/uploads\/2022\/12\/netfellows_final-1024x260.png 1024w, https:\/\/perimeterprotection.net\/wp-content\/uploads\/2022\/12\/netfellows_final-768x195.png 768w, https:\/\/perimeterprotection.net\/wp-content\/uploads\/2022\/12\/netfellows_final-1536x389.png 1536w, https:\/\/perimeterprotection.net\/wp-content\/uploads\/2022\/12\/netfellows_final-2048x519.png 2048w\" sizes=\"(max-width: 300px) 100vw, 300px\" \/><\/a><\/p>\n\t\t\t\t\t\t<\/div>\n\t\t\t\t<\/div>\n\t\t\t\t\t<\/div>\n\t\t<\/div>\n\t\t\t\t\t<\/div>\n\t\t<\/section>\n\t\t\t\t<\/div>\n\t\t","protected":false},"excerpt":{"rendered":"<p>Impressum Impressum Hauptsitz: Perimeter Protection Schweiz AG Weberr\u00fctistrasse 9 8833 Samstagern Schweiz Gesch\u00e4ftsleitung: Urs Schmid Telefon +41 (0) 44 783 22 11 E-Mail: info@perimeterprotection.ch Service Kontakt Telefon: +41 (0) 44 783 22 11 E-Mail: info@perimeterprotection.ch Verantwortlich f\u00fcr den Inhalt dieser Website: Urs Schmid E-Mail Adresse Bitte beachten Sie, dass die oben angegebene E-Mail-Adresse nur zur [&hellip;]<\/p>\n","protected":false},"author":1,"featured_media":12251,"parent":0,"menu_order":0,"comment_status":"closed","ping_status":"closed","template":"elementor_header_footer","meta":{"footnotes":"","_wp_rev_ctl_limit":""},"class_list":["post-23601","page","type-page","status-publish","has-post-thumbnail","hentry"],"yoast_head":"<!-- This site is optimized with the Yoast SEO plugin v23.4 - https:\/\/yoast.com\/wordpress\/plugins\/seo\/ -->\n<title>Impressum - Perimeter Protection<\/title>\n<meta name=\"robots\" content=\"index, follow, max-snippet:-1, max-image-preview:large, max-video-preview:-1\" \/>\n<link rel=\"canonical\" href=\"https:\/\/perimeterprotection.net\/ch\/impressum\/\" \/>\n<meta property=\"og:locale\" content=\"de_DE\" \/>\n<meta property=\"og:type\" content=\"article\" \/>\n<meta property=\"og:title\" content=\"Impressum - Perimeter Protection\" \/>\n<meta property=\"og:description\" content=\"Impressum Impressum Hauptsitz: Perimeter Protection Schweiz AG Weberr\u00fctistrasse 9 8833 Samstagern Schweiz Gesch\u00e4ftsleitung: Urs Schmid Telefon +41 (0) 44 783 22 11 E-Mail: info@perimeterprotection.ch Service Kontakt Telefon: +41 (0) 44 783 22 11 E-Mail: info@perimeterprotection.ch Verantwortlich f\u00fcr den Inhalt dieser Website: Urs Schmid E-Mail Adresse Bitte beachten Sie, dass die oben angegebene E-Mail-Adresse nur zur [&hellip;]\" \/>\n<meta property=\"og:url\" content=\"https:\/\/perimeterprotection.net\/ch\/impressum\/\" \/>\n<meta property=\"og:site_name\" content=\"Perimeter Protection\" \/>\n<meta property=\"article:modified_time\" content=\"2024-03-25T12:24:13+00:00\" \/>\n<meta property=\"og:image\" content=\"https:\/\/perimeterprotection.net\/wp-content\/uploads\/2022\/07\/perimeter-protection-beitragsbild.jpg\" \/>\n\t<meta property=\"og:image:width\" content=\"1280\" \/>\n\t<meta property=\"og:image:height\" content=\"1280\" \/>\n\t<meta property=\"og:image:type\" content=\"image\/jpeg\" \/>\n<meta name=\"twitter:card\" content=\"summary_large_image\" \/>\n<meta name=\"twitter:label1\" content=\"Gesch\u00e4tzte Lesezeit\" \/>\n\t<meta name=\"twitter:data1\" content=\"1 Minute\" \/>\n<script type=\"application\/ld+json\" class=\"yoast-schema-graph\">{\"@context\":\"https:\/\/schema.org\",\"@graph\":[{\"@type\":\"WebPage\",\"@id\":\"https:\/\/perimeterprotection.net\/ch\/impressum\/\",\"url\":\"https:\/\/perimeterprotection.net\/ch\/impressum\/\",\"name\":\"Impressum - Perimeter Protection\",\"isPartOf\":{\"@id\":\"https:\/\/perimeterprotection.net\/ch\/#website\"},\"primaryImageOfPage\":{\"@id\":\"https:\/\/perimeterprotection.net\/ch\/impressum\/#primaryimage\"},\"image\":{\"@id\":\"https:\/\/perimeterprotection.net\/ch\/impressum\/#primaryimage\"},\"thumbnailUrl\":\"https:\/\/perimeterprotection.net\/wp-content\/uploads\/2022\/07\/perimeter-protection-beitragsbild.jpg\",\"datePublished\":\"2024-02-29T14:30:47+00:00\",\"dateModified\":\"2024-03-25T12:24:13+00:00\",\"inLanguage\":\"de-CH\",\"potentialAction\":[{\"@type\":\"ReadAction\",\"target\":[\"https:\/\/perimeterprotection.net\/ch\/impressum\/\"]}]},{\"@type\":\"ImageObject\",\"inLanguage\":\"de-CH\",\"@id\":\"https:\/\/perimeterprotection.net\/ch\/impressum\/#primaryimage\",\"url\":\"https:\/\/perimeterprotection.net\/wp-content\/uploads\/2022\/07\/perimeter-protection-beitragsbild.jpg\",\"contentUrl\":\"https:\/\/perimeterprotection.net\/wp-content\/uploads\/2022\/07\/perimeter-protection-beitragsbild.jpg\",\"width\":1280,\"height\":1280},{\"@type\":\"WebSite\",\"@id\":\"https:\/\/perimeterprotection.net\/ch\/#website\",\"url\":\"https:\/\/perimeterprotection.net\/ch\/\",\"name\":\"Perimeter Protection\",\"description\":\"Keeping your perimeter secure\",\"publisher\":{\"@id\":\"https:\/\/perimeterprotection.net\/ch\/#organization\"},\"potentialAction\":[{\"@type\":\"SearchAction\",\"target\":{\"@type\":\"EntryPoint\",\"urlTemplate\":\"https:\/\/perimeterprotection.net\/ch\/?s={search_term_string}\"},\"query-input\":{\"@type\":\"PropertyValueSpecification\",\"valueRequired\":true,\"valueName\":\"search_term_string\"}}],\"inLanguage\":\"de-CH\"},{\"@type\":\"Organization\",\"@id\":\"https:\/\/perimeterprotection.net\/ch\/#organization\",\"name\":\"Perimeter Protection\",\"url\":\"https:\/\/perimeterprotection.net\/ch\/\",\"logo\":{\"@type\":\"ImageObject\",\"inLanguage\":\"de-CH\",\"@id\":\"https:\/\/perimeterprotection.net\/ch\/#\/schema\/logo\/image\/\",\"url\":\"https:\/\/perimeterprotection.net\/wp-content\/uploads\/2022\/07\/perimeter-protection-ppg-logo-weiss.png\",\"contentUrl\":\"https:\/\/perimeterprotection.net\/wp-content\/uploads\/2022\/07\/perimeter-protection-ppg-logo-weiss.png\",\"width\":1280,\"height\":377,\"caption\":\"Perimeter Protection\"},\"image\":{\"@id\":\"https:\/\/perimeterprotection.net\/ch\/#\/schema\/logo\/image\/\"}}]}<\/script>\n<!-- \/ Yoast SEO plugin. -->","yoast_head_json":{"title":"Impressum - Perimeter Protection","robots":{"index":"index","follow":"follow","max-snippet":"max-snippet:-1","max-image-preview":"max-image-preview:large","max-video-preview":"max-video-preview:-1"},"canonical":"https:\/\/perimeterprotection.net\/ch\/impressum\/","og_locale":"de_DE","og_type":"article","og_title":"Impressum - Perimeter Protection","og_description":"Impressum Impressum Hauptsitz: Perimeter Protection Schweiz AG Weberr\u00fctistrasse 9 8833 Samstagern Schweiz Gesch\u00e4ftsleitung: Urs Schmid Telefon +41 (0) 44 783 22 11 E-Mail: info@perimeterprotection.ch Service Kontakt Telefon: +41 (0) 44 783 22 11 E-Mail: info@perimeterprotection.ch Verantwortlich f\u00fcr den Inhalt dieser Website: Urs Schmid E-Mail Adresse Bitte beachten Sie, dass die oben angegebene E-Mail-Adresse nur zur [&hellip;]","og_url":"https:\/\/perimeterprotection.net\/ch\/impressum\/","og_site_name":"Perimeter Protection","article_modified_time":"2024-03-25T12:24:13+00:00","og_image":[{"width":1280,"height":1280,"url":"https:\/\/perimeterprotection.net\/wp-content\/uploads\/2022\/07\/perimeter-protection-beitragsbild.jpg","type":"image\/jpeg"}],"twitter_card":"summary_large_image","twitter_misc":{"Gesch\u00e4tzte Lesezeit":"1 Minute"},"schema":{"@context":"https:\/\/schema.org","@graph":[{"@type":"WebPage","@id":"https:\/\/perimeterprotection.net\/ch\/impressum\/","url":"https:\/\/perimeterprotection.net\/ch\/impressum\/","name":"Impressum - Perimeter Protection","isPartOf":{"@id":"https:\/\/perimeterprotection.net\/ch\/#website"},"primaryImageOfPage":{"@id":"https:\/\/perimeterprotection.net\/ch\/impressum\/#primaryimage"},"image":{"@id":"https:\/\/perimeterprotection.net\/ch\/impressum\/#primaryimage"},"thumbnailUrl":"https:\/\/perimeterprotection.net\/wp-content\/uploads\/2022\/07\/perimeter-protection-beitragsbild.jpg","datePublished":"2024-02-29T14:30:47+00:00","dateModified":"2024-03-25T12:24:13+00:00","inLanguage":"de-CH","potentialAction":[{"@type":"ReadAction","target":["https:\/\/perimeterprotection.net\/ch\/impressum\/"]}]},{"@type":"ImageObject","inLanguage":"de-CH","@id":"https:\/\/perimeterprotection.net\/ch\/impressum\/#primaryimage","url":"https:\/\/perimeterprotection.net\/wp-content\/uploads\/2022\/07\/perimeter-protection-beitragsbild.jpg","contentUrl":"https:\/\/perimeterprotection.net\/wp-content\/uploads\/2022\/07\/perimeter-protection-beitragsbild.jpg","width":1280,"height":1280},{"@type":"WebSite","@id":"https:\/\/perimeterprotection.net\/ch\/#website","url":"https:\/\/perimeterprotection.net\/ch\/","name":"Perimeter Protection","description":"Keeping your perimeter secure","publisher":{"@id":"https:\/\/perimeterprotection.net\/ch\/#organization"},"potentialAction":[{"@type":"SearchAction","target":{"@type":"EntryPoint","urlTemplate":"https:\/\/perimeterprotection.net\/ch\/?s={search_term_string}"},"query-input":{"@type":"PropertyValueSpecification","valueRequired":true,"valueName":"search_term_string"}}],"inLanguage":"de-CH"},{"@type":"Organization","@id":"https:\/\/perimeterprotection.net\/ch\/#organization","name":"Perimeter Protection","url":"https:\/\/perimeterprotection.net\/ch\/","logo":{"@type":"ImageObject","inLanguage":"de-CH","@id":"https:\/\/perimeterprotection.net\/ch\/#\/schema\/logo\/image\/","url":"https:\/\/perimeterprotection.net\/wp-content\/uploads\/2022\/07\/perimeter-protection-ppg-logo-weiss.png","contentUrl":"https:\/\/perimeterprotection.net\/wp-content\/uploads\/2022\/07\/perimeter-protection-ppg-logo-weiss.png","width":1280,"height":377,"caption":"Perimeter Protection"},"image":{"@id":"https:\/\/perimeterprotection.net\/ch\/#\/schema\/logo\/image\/"}}]}},"_links":{"self":[{"href":"https:\/\/perimeterprotection.net\/ch\/wp-json\/wp\/v2\/pages\/23601"}],"collection":[{"href":"https:\/\/perimeterprotection.net\/ch\/wp-json\/wp\/v2\/pages"}],"about":[{"href":"https:\/\/perimeterprotection.net\/ch\/wp-json\/wp\/v2\/types\/page"}],"author":[{"embeddable":true,"href":"https:\/\/perimeterprotection.net\/ch\/wp-json\/wp\/v2\/users\/1"}],"replies":[{"embeddable":true,"href":"https:\/\/perimeterprotection.net\/ch\/wp-json\/wp\/v2\/comments?post=23601"}],"version-history":[{"count":0,"href":"https:\/\/perimeterprotection.net\/ch\/wp-json\/wp\/v2\/pages\/23601\/revisions"}],"wp:featuredmedia":[{"embeddable":true,"href":"https:\/\/perimeterprotection.net\/ch\/wp-json\/wp\/v2\/media\/12251"}],"wp:attachment":[{"href":"https:\/\/perimeterprotection.net\/ch\/wp-json\/wp\/v2\/media?parent=23601"}],"curies":[{"name":"wp","href":"https:\/\/api.w.org\/{rel}","templated":true}]}}