{"id":14299,"date":"2022-09-20T14:41:19","date_gmt":"2022-09-20T12:41:19","guid":{"rendered":"https:\/\/www.perimeterprotection.net\/a-propos-de-nous\/apercu-de-la-certification\/"},"modified":"2023-11-22T16:17:40","modified_gmt":"2023-11-22T15:17:40","slug":"apercu-de-la-certification","status":"publish","type":"page","link":"https:\/\/perimeterprotection.net\/fr\/a-propos-de-nous\/apercu-de-la-certification\/","title":{"rendered":"Aper\u00e7u de la certification"},"content":{"rendered":"<div class=\"members-access-error\">D\u00e9sol\u00e9, vous n&#039;\u00eates pas autoris\u00e9 \u00e0 voir ce contenu.<\/div>\n","protected":false},"excerpt":{"rendered":"<div class=\"members-access-error\">D\u00e9sol\u00e9, vous n&#039;\u00eates pas autoris\u00e9 \u00e0 voir ce contenu.<\/div>\n","protected":false},"author":1,"featured_media":9163,"parent":14297,"menu_order":8,"comment_status":"closed","ping_status":"closed","template":"elementor_header_footer","meta":{"footnotes":"","_wp_rev_ctl_limit":""},"class_list":["post-14299","page","type-page","status-publish","has-post-thumbnail","hentry"],"yoast_head":"<!-- This site is optimized with the Yoast SEO plugin v23.4 - https:\/\/yoast.com\/wordpress\/plugins\/seo\/ -->\n<title>Aper\u00e7u de la certification - Perimeter Protection Group (PPG)<\/title>\n<meta name=\"description\" content=\"Nos produits de protection du p\u00e9rim\u00e8tre et de haute s\u00e9curit\u00e9 sont certifi\u00e9s selon les normes les plus rigoureuses. Pour en savoir plus sur nos certifications, cliquez ici.\" \/>\n<meta name=\"robots\" content=\"index, follow, max-snippet:-1, max-image-preview:large, max-video-preview:-1\" \/>\n<link rel=\"canonical\" href=\"https:\/\/perimeterprotection.net\/fr\/a-propos-de-nous\/apercu-de-la-certification\/\" \/>\n<meta property=\"og:locale\" content=\"fr_FR\" \/>\n<meta property=\"og:type\" content=\"article\" \/>\n<meta property=\"og:title\" content=\"Aper\u00e7u de la certification - Perimeter Protection Group (PPG)\" \/>\n<meta property=\"og:description\" content=\"Nos produits de protection du p\u00e9rim\u00e8tre et de haute s\u00e9curit\u00e9 sont certifi\u00e9s selon les normes les plus rigoureuses. Pour en savoir plus sur nos certifications, cliquez ici.\" \/>\n<meta property=\"og:url\" content=\"https:\/\/perimeterprotection.net\/fr\/a-propos-de-nous\/apercu-de-la-certification\/\" \/>\n<meta property=\"og:site_name\" content=\"Perimeter Protection\" \/>\n<meta property=\"article:modified_time\" content=\"2023-11-22T15:17:40+00:00\" \/>\n<meta property=\"og:image\" content=\"https:\/\/perimeterprotection.net\/wp-content\/uploads\/2022\/07\/perimeter-protection-beitragsbild.jpg\" \/>\n\t<meta property=\"og:image:width\" content=\"1280\" \/>\n\t<meta property=\"og:image:height\" content=\"1280\" \/>\n\t<meta property=\"og:image:type\" content=\"image\/jpeg\" \/>\n<meta name=\"twitter:card\" content=\"summary_large_image\" \/>\n<meta name=\"twitter:label1\" content=\"Dur\u00e9e de lecture estim\u00e9e\" \/>\n\t<meta name=\"twitter:data1\" content=\"4 minutes\" \/>\n<script type=\"application\/ld+json\" class=\"yoast-schema-graph\">{\"@context\":\"https:\/\/schema.org\",\"@graph\":[{\"@type\":\"WebPage\",\"@id\":\"https:\/\/perimeterprotection.net\/fr\/a-propos-de-nous\/apercu-de-la-certification\/\",\"url\":\"https:\/\/perimeterprotection.net\/fr\/a-propos-de-nous\/apercu-de-la-certification\/\",\"name\":\"Aper\u00e7u de la certification - Perimeter Protection Group (PPG)\",\"isPartOf\":{\"@id\":\"https:\/\/perimeterprotection.net\/fr\/#website\"},\"primaryImageOfPage\":{\"@id\":\"https:\/\/perimeterprotection.net\/fr\/a-propos-de-nous\/apercu-de-la-certification\/#primaryimage\"},\"image\":{\"@id\":\"https:\/\/perimeterprotection.net\/fr\/a-propos-de-nous\/apercu-de-la-certification\/#primaryimage\"},\"thumbnailUrl\":\"https:\/\/perimeterprotection.net\/wp-content\/uploads\/2022\/07\/perimeter-protection-beitragsbild.jpg\",\"datePublished\":\"2022-09-20T12:41:19+00:00\",\"dateModified\":\"2023-11-22T15:17:40+00:00\",\"description\":\"Nos produits de protection du p\u00e9rim\u00e8tre et de haute s\u00e9curit\u00e9 sont certifi\u00e9s selon les normes les plus rigoureuses. Pour en savoir plus sur nos certifications, cliquez ici.\",\"breadcrumb\":{\"@id\":\"https:\/\/perimeterprotection.net\/fr\/a-propos-de-nous\/apercu-de-la-certification\/#breadcrumb\"},\"inLanguage\":\"fr-FR\",\"potentialAction\":[{\"@type\":\"ReadAction\",\"target\":[\"https:\/\/perimeterprotection.net\/fr\/a-propos-de-nous\/apercu-de-la-certification\/\"]}]},{\"@type\":\"ImageObject\",\"inLanguage\":\"fr-FR\",\"@id\":\"https:\/\/perimeterprotection.net\/fr\/a-propos-de-nous\/apercu-de-la-certification\/#primaryimage\",\"url\":\"https:\/\/perimeterprotection.net\/wp-content\/uploads\/2022\/07\/perimeter-protection-beitragsbild.jpg\",\"contentUrl\":\"https:\/\/perimeterprotection.net\/wp-content\/uploads\/2022\/07\/perimeter-protection-beitragsbild.jpg\",\"width\":1280,\"height\":1280},{\"@type\":\"BreadcrumbList\",\"@id\":\"https:\/\/perimeterprotection.net\/fr\/a-propos-de-nous\/apercu-de-la-certification\/#breadcrumb\",\"itemListElement\":[{\"@type\":\"ListItem\",\"position\":1,\"name\":\"Qui sommes-nous?\",\"item\":\"https:\/\/perimeterprotection.net\/fr\/a-propos-de-nous\/\"},{\"@type\":\"ListItem\",\"position\":2,\"name\":\"Aper\u00e7u de la certification\"}]},{\"@type\":\"WebSite\",\"@id\":\"https:\/\/perimeterprotection.net\/fr\/#website\",\"url\":\"https:\/\/perimeterprotection.net\/fr\/\",\"name\":\"Perimeter Protection\",\"description\":\"Keeping your perimeter secure\",\"publisher\":{\"@id\":\"https:\/\/perimeterprotection.net\/fr\/#organization\"},\"potentialAction\":[{\"@type\":\"SearchAction\",\"target\":{\"@type\":\"EntryPoint\",\"urlTemplate\":\"https:\/\/perimeterprotection.net\/fr\/?s={search_term_string}\"},\"query-input\":{\"@type\":\"PropertyValueSpecification\",\"valueRequired\":true,\"valueName\":\"search_term_string\"}}],\"inLanguage\":\"fr-FR\"},{\"@type\":\"Organization\",\"@id\":\"https:\/\/perimeterprotection.net\/fr\/#organization\",\"name\":\"Perimeter Protection\",\"url\":\"https:\/\/perimeterprotection.net\/fr\/\",\"logo\":{\"@type\":\"ImageObject\",\"inLanguage\":\"fr-FR\",\"@id\":\"https:\/\/perimeterprotection.net\/fr\/#\/schema\/logo\/image\/\",\"url\":\"https:\/\/perimeterprotection.net\/wp-content\/uploads\/2022\/07\/perimeter-protection-ppg-logo-weiss.png\",\"contentUrl\":\"https:\/\/perimeterprotection.net\/wp-content\/uploads\/2022\/07\/perimeter-protection-ppg-logo-weiss.png\",\"width\":1280,\"height\":377,\"caption\":\"Perimeter Protection\"},\"image\":{\"@id\":\"https:\/\/perimeterprotection.net\/fr\/#\/schema\/logo\/image\/\"}}]}<\/script>\n<!-- \/ Yoast SEO plugin. -->","yoast_head_json":{"title":"Aper\u00e7u de la certification - Perimeter Protection Group (PPG)","description":"Nos produits de protection du p\u00e9rim\u00e8tre et de haute s\u00e9curit\u00e9 sont certifi\u00e9s selon les normes les plus rigoureuses. Pour en savoir plus sur nos certifications, cliquez ici.","robots":{"index":"index","follow":"follow","max-snippet":"max-snippet:-1","max-image-preview":"max-image-preview:large","max-video-preview":"max-video-preview:-1"},"canonical":"https:\/\/perimeterprotection.net\/fr\/a-propos-de-nous\/apercu-de-la-certification\/","og_locale":"fr_FR","og_type":"article","og_title":"Aper\u00e7u de la certification - Perimeter Protection Group (PPG)","og_description":"Nos produits de protection du p\u00e9rim\u00e8tre et de haute s\u00e9curit\u00e9 sont certifi\u00e9s selon les normes les plus rigoureuses. Pour en savoir plus sur nos certifications, cliquez ici.","og_url":"https:\/\/perimeterprotection.net\/fr\/a-propos-de-nous\/apercu-de-la-certification\/","og_site_name":"Perimeter Protection","article_modified_time":"2023-11-22T15:17:40+00:00","og_image":[{"width":1280,"height":1280,"url":"https:\/\/perimeterprotection.net\/wp-content\/uploads\/2022\/07\/perimeter-protection-beitragsbild.jpg","type":"image\/jpeg"}],"twitter_card":"summary_large_image","twitter_misc":{"Dur\u00e9e de lecture estim\u00e9e":"4 minutes"},"schema":{"@context":"https:\/\/schema.org","@graph":[{"@type":"WebPage","@id":"https:\/\/perimeterprotection.net\/fr\/a-propos-de-nous\/apercu-de-la-certification\/","url":"https:\/\/perimeterprotection.net\/fr\/a-propos-de-nous\/apercu-de-la-certification\/","name":"Aper\u00e7u de la certification - Perimeter Protection Group (PPG)","isPartOf":{"@id":"https:\/\/perimeterprotection.net\/fr\/#website"},"primaryImageOfPage":{"@id":"https:\/\/perimeterprotection.net\/fr\/a-propos-de-nous\/apercu-de-la-certification\/#primaryimage"},"image":{"@id":"https:\/\/perimeterprotection.net\/fr\/a-propos-de-nous\/apercu-de-la-certification\/#primaryimage"},"thumbnailUrl":"https:\/\/perimeterprotection.net\/wp-content\/uploads\/2022\/07\/perimeter-protection-beitragsbild.jpg","datePublished":"2022-09-20T12:41:19+00:00","dateModified":"2023-11-22T15:17:40+00:00","description":"Nos produits de protection du p\u00e9rim\u00e8tre et de haute s\u00e9curit\u00e9 sont certifi\u00e9s selon les normes les plus rigoureuses. Pour en savoir plus sur nos certifications, cliquez ici.","breadcrumb":{"@id":"https:\/\/perimeterprotection.net\/fr\/a-propos-de-nous\/apercu-de-la-certification\/#breadcrumb"},"inLanguage":"fr-FR","potentialAction":[{"@type":"ReadAction","target":["https:\/\/perimeterprotection.net\/fr\/a-propos-de-nous\/apercu-de-la-certification\/"]}]},{"@type":"ImageObject","inLanguage":"fr-FR","@id":"https:\/\/perimeterprotection.net\/fr\/a-propos-de-nous\/apercu-de-la-certification\/#primaryimage","url":"https:\/\/perimeterprotection.net\/wp-content\/uploads\/2022\/07\/perimeter-protection-beitragsbild.jpg","contentUrl":"https:\/\/perimeterprotection.net\/wp-content\/uploads\/2022\/07\/perimeter-protection-beitragsbild.jpg","width":1280,"height":1280},{"@type":"BreadcrumbList","@id":"https:\/\/perimeterprotection.net\/fr\/a-propos-de-nous\/apercu-de-la-certification\/#breadcrumb","itemListElement":[{"@type":"ListItem","position":1,"name":"Qui sommes-nous?","item":"https:\/\/perimeterprotection.net\/fr\/a-propos-de-nous\/"},{"@type":"ListItem","position":2,"name":"Aper\u00e7u de la certification"}]},{"@type":"WebSite","@id":"https:\/\/perimeterprotection.net\/fr\/#website","url":"https:\/\/perimeterprotection.net\/fr\/","name":"Perimeter Protection","description":"Keeping your perimeter secure","publisher":{"@id":"https:\/\/perimeterprotection.net\/fr\/#organization"},"potentialAction":[{"@type":"SearchAction","target":{"@type":"EntryPoint","urlTemplate":"https:\/\/perimeterprotection.net\/fr\/?s={search_term_string}"},"query-input":{"@type":"PropertyValueSpecification","valueRequired":true,"valueName":"search_term_string"}}],"inLanguage":"fr-FR"},{"@type":"Organization","@id":"https:\/\/perimeterprotection.net\/fr\/#organization","name":"Perimeter Protection","url":"https:\/\/perimeterprotection.net\/fr\/","logo":{"@type":"ImageObject","inLanguage":"fr-FR","@id":"https:\/\/perimeterprotection.net\/fr\/#\/schema\/logo\/image\/","url":"https:\/\/perimeterprotection.net\/wp-content\/uploads\/2022\/07\/perimeter-protection-ppg-logo-weiss.png","contentUrl":"https:\/\/perimeterprotection.net\/wp-content\/uploads\/2022\/07\/perimeter-protection-ppg-logo-weiss.png","width":1280,"height":377,"caption":"Perimeter Protection"},"image":{"@id":"https:\/\/perimeterprotection.net\/fr\/#\/schema\/logo\/image\/"}}]}},"_links":{"self":[{"href":"https:\/\/perimeterprotection.net\/fr\/wp-json\/wp\/v2\/pages\/14299"}],"collection":[{"href":"https:\/\/perimeterprotection.net\/fr\/wp-json\/wp\/v2\/pages"}],"about":[{"href":"https:\/\/perimeterprotection.net\/fr\/wp-json\/wp\/v2\/types\/page"}],"author":[{"embeddable":true,"href":"https:\/\/perimeterprotection.net\/fr\/wp-json\/wp\/v2\/users\/1"}],"replies":[{"embeddable":true,"href":"https:\/\/perimeterprotection.net\/fr\/wp-json\/wp\/v2\/comments?post=14299"}],"version-history":[{"count":0,"href":"https:\/\/perimeterprotection.net\/fr\/wp-json\/wp\/v2\/pages\/14299\/revisions"}],"up":[{"embeddable":true,"href":"https:\/\/perimeterprotection.net\/fr\/wp-json\/wp\/v2\/pages\/14297"}],"wp:featuredmedia":[{"embeddable":true,"href":"https:\/\/perimeterprotection.net\/fr\/wp-json\/wp\/v2\/media\/9163"}],"wp:attachment":[{"href":"https:\/\/perimeterprotection.net\/fr\/wp-json\/wp\/v2\/media?parent=14299"}],"curies":[{"name":"wp","href":"https:\/\/api.w.org\/{rel}","templated":true}]}}