{"id":23603,"date":"2024-02-29T15:30:47","date_gmt":"2024-02-29T14:30:47","guid":{"rendered":"https:\/\/perimeterprotection.net\/imprint\/"},"modified":"2024-04-19T14:46:19","modified_gmt":"2024-04-19T12:46:19","slug":"mentions-legales","status":"publish","type":"page","link":"https:\/\/perimeterprotection.net\/fr\/mentions-legales\/","title":{"rendered":"Mentions l\u00e9gales"},"content":{"rendered":"\t\t<div data-elementor-type=\"wp-page\" data-elementor-id=\"23603\" class=\"elementor elementor-23603 elementor-23591\" data-elementor-post-type=\"page\">\n\t\t\t\t\t\t<main class=\"has_eae_slider elementor-section elementor-top-section elementor-element elementor-element-8ff4c8b elementor-section-full_width elementor-section-height-min-height elementor-section-height-default elementor-section-items-middle\" data-id=\"8ff4c8b\" data-element_type=\"section\" data-settings=\"{&quot;jet_parallax_layout_list&quot;:[],&quot;background_background&quot;:&quot;classic&quot;}\">\n\t\t\t\t\t\t\t<div class=\"elementor-background-overlay\"><\/div>\n\t\t\t\t\t\t\t<div class=\"elementor-container elementor-column-gap-no\">\n\t\t\t\t\t<div class=\"has_eae_slider elementor-column elementor-col-100 elementor-top-column elementor-element elementor-element-b77f53a\" data-id=\"b77f53a\" data-element_type=\"column\">\n\t\t\t<div class=\"elementor-widget-wrap elementor-element-populated\">\n\t\t\t\t\t\t<div class=\"elementor-element elementor-element-3670381 elementor-widget elementor-widget-heading\" data-id=\"3670381\" data-element_type=\"widget\" data-widget_type=\"heading.default\">\n\t\t\t\t<div class=\"elementor-widget-container\">\n\t\t\t<h1 class=\"elementor-heading-title elementor-size-default\">Mentions l\u00e9gales<\/h1>\t\t<\/div>\n\t\t\t\t<\/div>\n\t\t\t\t\t<\/div>\n\t\t<\/div>\n\t\t\t\t\t<\/div>\n\t\t<\/main>\n\t\t\t\t<section class=\"has_eae_slider elementor-section elementor-top-section elementor-element elementor-element-67088b7 elementor-section-full_width elementor-section-height-default elementor-section-height-default\" data-id=\"67088b7\" data-element_type=\"section\" data-settings=\"{&quot;jet_parallax_layout_list&quot;:[],&quot;background_background&quot;:&quot;gradient&quot;}\">\n\t\t\t\t\t\t<div class=\"elementor-container elementor-column-gap-no\">\n\t\t\t\t\t<div class=\"has_eae_slider elementor-column elementor-col-100 elementor-top-column elementor-element elementor-element-a09c047\" data-id=\"a09c047\" data-element_type=\"column\">\n\t\t\t<div class=\"elementor-widget-wrap elementor-element-populated\">\n\t\t\t\t\t\t<div class=\"elementor-element elementor-element-fabfe67 elementor-widget elementor-widget-heading\" data-id=\"fabfe67\" data-element_type=\"widget\" data-widget_type=\"heading.default\">\n\t\t\t\t<div class=\"elementor-widget-container\">\n\t\t\t<h2 class=\"elementor-heading-title elementor-size-default\">Mentions l\u00e9gales<\/h2>\t\t<\/div>\n\t\t\t\t<\/div>\n\t\t\t\t<div class=\"elementor-element elementor-element-68efd20 elementor-widget elementor-widget-text-editor\" data-id=\"68efd20\" data-element_type=\"widget\" data-widget_type=\"text-editor.default\">\n\t\t\t\t<div class=\"elementor-widget-container\">\n\t\t\t\t\t\t\t<h3><strong>Si\u00e8ge social de l&rsquo;entreprise:<\/strong><\/h3>\n<p>Perimeter Protection Germany GmbH. ( ci-apr\u00e8s : \u00ab\u00a0PPGG\u00a0\u00bb ).<br \/>\nJohann-Reineke-Strasse 6-10<br \/>\n33154 Salzkotten<br \/>\nAllemagne<\/p>\n<p>G\u00e9rant responsable : Gordon Peters<\/p>\n<p>T\u00e9l\u00e9phone +49 5258 500 70<br \/>\nT\u00e9l\u00e9copieur : +49 5258 4164<br \/>\nCourrier \u00e9lectronique : <a href=\"mailto:info@perimeterprotection.net\">info@perimeterprotection.net<\/a><\/p>\n<p>Tribunal d&rsquo;enregistrement : Tribunal d&rsquo;instance de Paderborn<\/p>\n<p>Num\u00e9ro de registre : HRB 4360<br \/>\nN\u00b0 de TVA \u00a7 27a UStG : DE 811 217 441<\/p>\n<p>Responsable du contenu de ce site web : Gordon Peters<\/p>\n<h3><strong>Adresse \u00e9lectronique<\/strong><\/h3>\n<p>Veuillez noter que l&rsquo;adresse e-mail indiqu\u00e9e ci-dessus ne sert qu&rsquo;\u00e0 une premi\u00e8re prise de contact. Les demandes d&rsquo;informations commerciales ou les commandes ne doivent pas \u00eatre envoy\u00e9es \u00e0 cette adresse.<\/p>\n<h3><strong>Avis de copyright<\/strong><\/h3>\n<p>Toutes les publications de ce site sont la propri\u00e9t\u00e9 de PPGG et sont soumises au droit d&rsquo;auteur.<\/p>\n<p>Les contenus de tiers sont signal\u00e9s comme tels. Toute reproduction, modification ou autre utilisation du contenu de ce site n\u00e9cessite l&rsquo;accord \u00e9crit pr\u00e9alable de l&rsquo;auteur.<\/p>\n<h3><strong>Responsabilit\u00e9<\/strong><\/h3>\n<p>Toutes les informations sont fournies \u00ab\u00a0en l&rsquo;\u00e9tat\u00a0\u00bb \u00e0 des fins d&rsquo;information, aucune garantie implicite ou autre n&rsquo;est donn\u00e9e en ce qui concerne ces informations. PPGG n&rsquo;est pas responsable des \u00e9ventuelles erreurs ou inexactitudes des informations fournies. En outre, aucune responsabilit\u00e9 n&rsquo;est assum\u00e9e pour les erreurs ou les modifications apport\u00e9es aux informations fournies, notamment les modifications ou les mises \u00e0 jour des informations techniques, les diff\u00e9rences de couleur, les descriptions de produits ou les informations sur les prix de quelque nature que ce soit.<\/p>\n<p>PPGG exclut express\u00e9ment toute garantie implicite ou autre concernant l&rsquo;utilisation ou l&rsquo;ad\u00e9quation \u00e0 l&rsquo;usage, ainsi que toute violation (pr\u00e9sum\u00e9e) de la loi, y compris, mais sans s&rsquo;y limiter, le droit des brevets.<\/p>\n\t\t\t\t\t\t<\/div>\n\t\t\t\t<\/div>\n\t\t\t\t<div class=\"elementor-element elementor-element-b19ca69 elementor-widget elementor-widget-text-editor\" data-id=\"b19ca69\" data-element_type=\"widget\" data-widget_type=\"text-editor.default\">\n\t\t\t\t<div class=\"elementor-widget-container\">\n\t\t\t\t\t\t\t<h3>H\u00e9bergement, r\u00e9alisation &amp; conception du site:<\/h3>\n<p>netfellows GmbH \u2013\u00a0<a href=\"https:\/\/netfellows.de\/\" target=\"_blank\" rel=\"noopener noreferrer\">www.netfellows.de<\/a><\/p>\n<p><a href=\"http:\/\/www.netfellows.de\" target=\"_blank\" rel=\"noopener\"><img decoding=\"async\" class=\"alignnone size-medium wp-image-8232\" src=\"https:\/\/perimeterprotection.net\/wp-content\/uploads\/2022\/12\/netfellows_final-300x76.png\" alt=\"\" width=\"300\" height=\"76\" srcset=\"https:\/\/perimeterprotection.net\/wp-content\/uploads\/2022\/12\/netfellows_final-300x76.png 300w, https:\/\/perimeterprotection.net\/wp-content\/uploads\/2022\/12\/netfellows_final-1024x260.png 1024w, https:\/\/perimeterprotection.net\/wp-content\/uploads\/2022\/12\/netfellows_final-768x195.png 768w, https:\/\/perimeterprotection.net\/wp-content\/uploads\/2022\/12\/netfellows_final-1536x389.png 1536w, https:\/\/perimeterprotection.net\/wp-content\/uploads\/2022\/12\/netfellows_final-2048x519.png 2048w\" sizes=\"(max-width: 300px) 100vw, 300px\" \/><\/a><\/p>\n\t\t\t\t\t\t<\/div>\n\t\t\t\t<\/div>\n\t\t\t\t\t<\/div>\n\t\t<\/div>\n\t\t\t\t\t<\/div>\n\t\t<\/section>\n\t\t\t\t<\/div>\n\t\t","protected":false},"excerpt":{"rendered":"<p>Mentions l\u00e9gales Mentions l\u00e9gales Si\u00e8ge social de l&rsquo;entreprise: Perimeter Protection Germany GmbH. ( ci-apr\u00e8s : \u00ab\u00a0PPGG\u00a0\u00bb ). Johann-Reineke-Strasse 6-10 33154 Salzkotten Allemagne G\u00e9rant responsable : Gordon Peters T\u00e9l\u00e9phone +49 5258 500 70 T\u00e9l\u00e9copieur : +49 5258 4164 Courrier \u00e9lectronique : info@perimeterprotection.net Tribunal d&rsquo;enregistrement : Tribunal d&rsquo;instance de Paderborn Num\u00e9ro de registre : HRB 4360 N\u00b0 [&hellip;]<\/p>\n","protected":false},"author":1,"featured_media":9163,"parent":0,"menu_order":0,"comment_status":"closed","ping_status":"closed","template":"elementor_header_footer","meta":{"footnotes":"","_wp_rev_ctl_limit":""},"class_list":["post-23603","page","type-page","status-publish","has-post-thumbnail","hentry"],"yoast_head":"<!-- This site is optimized with the Yoast SEO plugin v23.4 - https:\/\/yoast.com\/wordpress\/plugins\/seo\/ -->\n<title>Mentions l\u00e9gales - Perimeter Protection<\/title>\n<meta name=\"robots\" content=\"index, follow, max-snippet:-1, max-image-preview:large, max-video-preview:-1\" \/>\n<link rel=\"canonical\" href=\"https:\/\/perimeterprotection.net\/fr\/mentions-legales\/\" \/>\n<meta property=\"og:locale\" content=\"fr_FR\" \/>\n<meta property=\"og:type\" content=\"article\" \/>\n<meta property=\"og:title\" content=\"Mentions l\u00e9gales - Perimeter Protection\" \/>\n<meta property=\"og:description\" content=\"Mentions l\u00e9gales Mentions l\u00e9gales Si\u00e8ge social de l&rsquo;entreprise: Perimeter Protection Germany GmbH. ( ci-apr\u00e8s : \u00ab\u00a0PPGG\u00a0\u00bb ). Johann-Reineke-Strasse 6-10 33154 Salzkotten Allemagne G\u00e9rant responsable : Gordon Peters T\u00e9l\u00e9phone +49 5258 500 70 T\u00e9l\u00e9copieur : +49 5258 4164 Courrier \u00e9lectronique : info@perimeterprotection.net Tribunal d&rsquo;enregistrement : Tribunal d&rsquo;instance de Paderborn Num\u00e9ro de registre : HRB 4360 N\u00b0 [&hellip;]\" \/>\n<meta property=\"og:url\" content=\"https:\/\/perimeterprotection.net\/fr\/mentions-legales\/\" \/>\n<meta property=\"og:site_name\" content=\"Perimeter Protection\" \/>\n<meta property=\"article:modified_time\" content=\"2024-04-19T12:46:19+00:00\" \/>\n<meta property=\"og:image\" content=\"https:\/\/perimeterprotection.net\/wp-content\/uploads\/2022\/07\/perimeter-protection-beitragsbild.jpg\" \/>\n\t<meta property=\"og:image:width\" content=\"1280\" \/>\n\t<meta property=\"og:image:height\" content=\"1280\" \/>\n\t<meta property=\"og:image:type\" content=\"image\/jpeg\" \/>\n<meta name=\"twitter:card\" content=\"summary_large_image\" \/>\n<meta name=\"twitter:label1\" content=\"Dur\u00e9e de lecture estim\u00e9e\" \/>\n\t<meta name=\"twitter:data1\" content=\"1 minute\" \/>\n<script type=\"application\/ld+json\" class=\"yoast-schema-graph\">{\"@context\":\"https:\/\/schema.org\",\"@graph\":[{\"@type\":\"WebPage\",\"@id\":\"https:\/\/perimeterprotection.net\/fr\/mentions-legales\/\",\"url\":\"https:\/\/perimeterprotection.net\/fr\/mentions-legales\/\",\"name\":\"Mentions l\u00e9gales - Perimeter Protection\",\"isPartOf\":{\"@id\":\"https:\/\/perimeterprotection.net\/fr\/#website\"},\"primaryImageOfPage\":{\"@id\":\"https:\/\/perimeterprotection.net\/fr\/mentions-legales\/#primaryimage\"},\"image\":{\"@id\":\"https:\/\/perimeterprotection.net\/fr\/mentions-legales\/#primaryimage\"},\"thumbnailUrl\":\"https:\/\/perimeterprotection.net\/wp-content\/uploads\/2022\/07\/perimeter-protection-beitragsbild.jpg\",\"datePublished\":\"2024-02-29T14:30:47+00:00\",\"dateModified\":\"2024-04-19T12:46:19+00:00\",\"inLanguage\":\"fr-FR\",\"potentialAction\":[{\"@type\":\"ReadAction\",\"target\":[\"https:\/\/perimeterprotection.net\/fr\/mentions-legales\/\"]}]},{\"@type\":\"ImageObject\",\"inLanguage\":\"fr-FR\",\"@id\":\"https:\/\/perimeterprotection.net\/fr\/mentions-legales\/#primaryimage\",\"url\":\"https:\/\/perimeterprotection.net\/wp-content\/uploads\/2022\/07\/perimeter-protection-beitragsbild.jpg\",\"contentUrl\":\"https:\/\/perimeterprotection.net\/wp-content\/uploads\/2022\/07\/perimeter-protection-beitragsbild.jpg\",\"width\":1280,\"height\":1280},{\"@type\":\"WebSite\",\"@id\":\"https:\/\/perimeterprotection.net\/fr\/#website\",\"url\":\"https:\/\/perimeterprotection.net\/fr\/\",\"name\":\"Perimeter Protection\",\"description\":\"Keeping your perimeter secure\",\"publisher\":{\"@id\":\"https:\/\/perimeterprotection.net\/fr\/#organization\"},\"potentialAction\":[{\"@type\":\"SearchAction\",\"target\":{\"@type\":\"EntryPoint\",\"urlTemplate\":\"https:\/\/perimeterprotection.net\/fr\/?s={search_term_string}\"},\"query-input\":{\"@type\":\"PropertyValueSpecification\",\"valueRequired\":true,\"valueName\":\"search_term_string\"}}],\"inLanguage\":\"fr-FR\"},{\"@type\":\"Organization\",\"@id\":\"https:\/\/perimeterprotection.net\/fr\/#organization\",\"name\":\"Perimeter Protection\",\"url\":\"https:\/\/perimeterprotection.net\/fr\/\",\"logo\":{\"@type\":\"ImageObject\",\"inLanguage\":\"fr-FR\",\"@id\":\"https:\/\/perimeterprotection.net\/fr\/#\/schema\/logo\/image\/\",\"url\":\"https:\/\/perimeterprotection.net\/wp-content\/uploads\/2022\/07\/perimeter-protection-ppg-logo-weiss.png\",\"contentUrl\":\"https:\/\/perimeterprotection.net\/wp-content\/uploads\/2022\/07\/perimeter-protection-ppg-logo-weiss.png\",\"width\":1280,\"height\":377,\"caption\":\"Perimeter Protection\"},\"image\":{\"@id\":\"https:\/\/perimeterprotection.net\/fr\/#\/schema\/logo\/image\/\"}}]}<\/script>\n<!-- \/ Yoast SEO plugin. -->","yoast_head_json":{"title":"Mentions l\u00e9gales - Perimeter Protection","robots":{"index":"index","follow":"follow","max-snippet":"max-snippet:-1","max-image-preview":"max-image-preview:large","max-video-preview":"max-video-preview:-1"},"canonical":"https:\/\/perimeterprotection.net\/fr\/mentions-legales\/","og_locale":"fr_FR","og_type":"article","og_title":"Mentions l\u00e9gales - Perimeter Protection","og_description":"Mentions l\u00e9gales Mentions l\u00e9gales Si\u00e8ge social de l&rsquo;entreprise: Perimeter Protection Germany GmbH. ( ci-apr\u00e8s : \u00ab\u00a0PPGG\u00a0\u00bb ). Johann-Reineke-Strasse 6-10 33154 Salzkotten Allemagne G\u00e9rant responsable : Gordon Peters T\u00e9l\u00e9phone +49 5258 500 70 T\u00e9l\u00e9copieur : +49 5258 4164 Courrier \u00e9lectronique : info@perimeterprotection.net Tribunal d&rsquo;enregistrement : Tribunal d&rsquo;instance de Paderborn Num\u00e9ro de registre : HRB 4360 N\u00b0 [&hellip;]","og_url":"https:\/\/perimeterprotection.net\/fr\/mentions-legales\/","og_site_name":"Perimeter Protection","article_modified_time":"2024-04-19T12:46:19+00:00","og_image":[{"width":1280,"height":1280,"url":"https:\/\/perimeterprotection.net\/wp-content\/uploads\/2022\/07\/perimeter-protection-beitragsbild.jpg","type":"image\/jpeg"}],"twitter_card":"summary_large_image","twitter_misc":{"Dur\u00e9e de lecture estim\u00e9e":"1 minute"},"schema":{"@context":"https:\/\/schema.org","@graph":[{"@type":"WebPage","@id":"https:\/\/perimeterprotection.net\/fr\/mentions-legales\/","url":"https:\/\/perimeterprotection.net\/fr\/mentions-legales\/","name":"Mentions l\u00e9gales - Perimeter Protection","isPartOf":{"@id":"https:\/\/perimeterprotection.net\/fr\/#website"},"primaryImageOfPage":{"@id":"https:\/\/perimeterprotection.net\/fr\/mentions-legales\/#primaryimage"},"image":{"@id":"https:\/\/perimeterprotection.net\/fr\/mentions-legales\/#primaryimage"},"thumbnailUrl":"https:\/\/perimeterprotection.net\/wp-content\/uploads\/2022\/07\/perimeter-protection-beitragsbild.jpg","datePublished":"2024-02-29T14:30:47+00:00","dateModified":"2024-04-19T12:46:19+00:00","inLanguage":"fr-FR","potentialAction":[{"@type":"ReadAction","target":["https:\/\/perimeterprotection.net\/fr\/mentions-legales\/"]}]},{"@type":"ImageObject","inLanguage":"fr-FR","@id":"https:\/\/perimeterprotection.net\/fr\/mentions-legales\/#primaryimage","url":"https:\/\/perimeterprotection.net\/wp-content\/uploads\/2022\/07\/perimeter-protection-beitragsbild.jpg","contentUrl":"https:\/\/perimeterprotection.net\/wp-content\/uploads\/2022\/07\/perimeter-protection-beitragsbild.jpg","width":1280,"height":1280},{"@type":"WebSite","@id":"https:\/\/perimeterprotection.net\/fr\/#website","url":"https:\/\/perimeterprotection.net\/fr\/","name":"Perimeter Protection","description":"Keeping your perimeter secure","publisher":{"@id":"https:\/\/perimeterprotection.net\/fr\/#organization"},"potentialAction":[{"@type":"SearchAction","target":{"@type":"EntryPoint","urlTemplate":"https:\/\/perimeterprotection.net\/fr\/?s={search_term_string}"},"query-input":{"@type":"PropertyValueSpecification","valueRequired":true,"valueName":"search_term_string"}}],"inLanguage":"fr-FR"},{"@type":"Organization","@id":"https:\/\/perimeterprotection.net\/fr\/#organization","name":"Perimeter Protection","url":"https:\/\/perimeterprotection.net\/fr\/","logo":{"@type":"ImageObject","inLanguage":"fr-FR","@id":"https:\/\/perimeterprotection.net\/fr\/#\/schema\/logo\/image\/","url":"https:\/\/perimeterprotection.net\/wp-content\/uploads\/2022\/07\/perimeter-protection-ppg-logo-weiss.png","contentUrl":"https:\/\/perimeterprotection.net\/wp-content\/uploads\/2022\/07\/perimeter-protection-ppg-logo-weiss.png","width":1280,"height":377,"caption":"Perimeter Protection"},"image":{"@id":"https:\/\/perimeterprotection.net\/fr\/#\/schema\/logo\/image\/"}}]}},"_links":{"self":[{"href":"https:\/\/perimeterprotection.net\/fr\/wp-json\/wp\/v2\/pages\/23603"}],"collection":[{"href":"https:\/\/perimeterprotection.net\/fr\/wp-json\/wp\/v2\/pages"}],"about":[{"href":"https:\/\/perimeterprotection.net\/fr\/wp-json\/wp\/v2\/types\/page"}],"author":[{"embeddable":true,"href":"https:\/\/perimeterprotection.net\/fr\/wp-json\/wp\/v2\/users\/1"}],"replies":[{"embeddable":true,"href":"https:\/\/perimeterprotection.net\/fr\/wp-json\/wp\/v2\/comments?post=23603"}],"version-history":[{"count":0,"href":"https:\/\/perimeterprotection.net\/fr\/wp-json\/wp\/v2\/pages\/23603\/revisions"}],"wp:featuredmedia":[{"embeddable":true,"href":"https:\/\/perimeterprotection.net\/fr\/wp-json\/wp\/v2\/media\/9163"}],"wp:attachment":[{"href":"https:\/\/perimeterprotection.net\/fr\/wp-json\/wp\/v2\/media?parent=23603"}],"curies":[{"name":"wp","href":"https:\/\/api.w.org\/{rel}","templated":true}]}}