{"id":30912,"date":"2024-07-19T09:17:58","date_gmt":"2024-07-19T07:17:58","guid":{"rendered":"https:\/\/perimeterprotection.net\/newsletter\/"},"modified":"2024-07-23T16:21:59","modified_gmt":"2024-07-23T14:21:59","slug":"newsletter","status":"publish","type":"page","link":"https:\/\/perimeterprotection.net\/fr\/newsletter\/","title":{"rendered":"Newsletter"},"content":{"rendered":"\t\t<div data-elementor-type=\"wp-page\" data-elementor-id=\"30912\" class=\"elementor elementor-30912 elementor-30622\" data-elementor-post-type=\"page\">\n\t\t\t\t\t\t<section class=\"has_eae_slider elementor-section elementor-top-section elementor-element elementor-element-12d1a3d elementor-section-boxed elementor-section-height-default elementor-section-height-default\" data-id=\"12d1a3d\" data-element_type=\"section\" data-settings=\"{&quot;jet_parallax_layout_list&quot;:[]}\">\n\t\t\t\t\t\t<div class=\"elementor-container elementor-column-gap-default\">\n\t\t\t\t\t<div class=\"has_eae_slider elementor-column elementor-col-100 elementor-top-column elementor-element elementor-element-850b35a\" data-id=\"850b35a\" data-element_type=\"column\">\n\t\t\t<div class=\"elementor-widget-wrap elementor-element-populated\">\n\t\t\t\t\t\t<div class=\"elementor-element elementor-element-405cf5a elementor-widget elementor-widget-html\" data-id=\"405cf5a\" data-element_type=\"widget\" data-widget_type=\"html.default\">\n\t\t\t\t<div class=\"elementor-widget-container\">\n\t\t\t<!-- Begin Brevo Form -->\r\n<!-- START - We recommend to place the below code in head tag of your website html  -->\r\n<style>\r\n  @font-face {\r\n    font-display: block;\r\n    font-family: Roboto;\r\n    src: url(https:\/\/assets.brevo.com\/font\/Roboto\/Latin\/normal\/normal\/7529907e9eaf8ebb5220c5f9850e3811.woff2) format(\"woff2\"), url(https:\/\/assets.brevo.com\/font\/Roboto\/Latin\/normal\/normal\/25c678feafdc175a70922a116c9be3e7.woff) format(\"woff\")\r\n  }\r\n\r\n  @font-face {\r\n    font-display: fallback;\r\n    font-family: Roboto;\r\n    font-weight: 600;\r\n    src: url(https:\/\/assets.brevo.com\/font\/Roboto\/Latin\/medium\/normal\/6e9caeeafb1f3491be3e32744bc30440.woff2) format(\"woff2\"), url(https:\/\/assets.brevo.com\/font\/Roboto\/Latin\/medium\/normal\/71501f0d8d5aa95960f6475d5487d4c2.woff) format(\"woff\")\r\n  }\r\n\r\n  @font-face {\r\n    font-display: fallback;\r\n    font-family: Roboto;\r\n    font-weight: 700;\r\n    src: url(https:\/\/assets.brevo.com\/font\/Roboto\/Latin\/bold\/normal\/3ef7cf158f310cf752d5ad08cd0e7e60.woff2) format(\"woff2\"), url(https:\/\/assets.brevo.com\/font\/Roboto\/Latin\/bold\/normal\/ece3a1d82f18b60bcce0211725c476aa.woff) format(\"woff\")\r\n  }\r\n\r\n  #sib-container input:-ms-input-placeholder {\r\n    text-align: left;\r\n    font-family: \"Lucida Grande\", sans-serif;\r\n    color: #c0ccda;\r\n  }\r\n\r\n  #sib-container input::placeholder {\r\n    text-align: left;\r\n    font-family: \"Lucida Grande\", sans-serif;\r\n    color: #c0ccda;\r\n  }\r\n\r\n  #sib-container textarea::placeholder {\r\n    text-align: left;\r\n    font-family: \"Lucida Grande\", sans-serif;\r\n    color: #c0ccda;\r\n  }\r\n\r\n  #sib-container a {\r\n    text-decoration: underline;\r\n    color: #45b385;\r\n  }\r\n<\/style>\r\n<link rel=\"stylesheet\" href=\"https:\/\/sibforms.com\/forms\/end-form\/build\/sib-styles.css\">\r\n<!--  END - We recommend to place the above code in head tag of your website html -->\r\n\r\n<!-- START - We recommend to place the below code where you want the form in your website html  -->\r\n<div class=\"sib-form\" style=\"text-align: center;\r\n         background-color: transparent;                                 \">\r\n  <div id=\"sib-form-container\" class=\"sib-form-container\">\r\n    <div id=\"error-message\" class=\"sib-form-message-panel\" style=\"font-size:16px; text-align:left; font-family:'Helvetica', sans-serif; color:#661d1d; background-color:#ffeded; border-radius:3px; border-color:#ff4949;max-width:540px;\">\r\n      <div class=\"sib-form-message-panel__text sib-form-message-panel__text--center\">\r\n        <svg viewBox=\"0 0 512 512\" class=\"sib-icon sib-notification__icon\">\r\n          <path d=\"M256 40c118.621 0 216 96.075 216 216 0 119.291-96.61 216-216 216-119.244 0-216-96.562-216-216 0-119.203 96.602-216 216-216m0-32C119.043 8 8 119.083 8 256c0 136.997 111.043 248 248 248s248-111.003 248-248C504 119.083 392.957 8 256 8zm-11.49 120h22.979c6.823 0 12.274 5.682 11.99 12.5l-7 168c-.268 6.428-5.556 11.5-11.99 11.5h-8.979c-6.433 0-11.722-5.073-11.99-11.5l-7-168c-.283-6.818 5.167-12.5 11.99-12.5zM256 340c-15.464 0-28 12.536-28 28s12.536 28 28 28 28-12.536 28-28-12.536-28-28-28z\" \/>\r\n        <\/svg>\r\n        <span class=\"sib-form-message-panel__inner-text\">\r\n                          Votre inscription n&#039;a pas pu \u00eatre enregistr\u00e9e. Veuillez r\u00e9essayer.\r\n                      <\/span>\r\n      <\/div>\r\n    <\/div>\r\n    <div><\/div>\r\n    <div id=\"success-message\" class=\"sib-form-message-panel\" style=\"font-size:16px; text-align:left; font-family:'Helvetica', sans-serif; color:#085229; background-color:#e7faf0; border-radius:3px; border-color:#13ce66;max-width:540px;\">\r\n      <div class=\"sib-form-message-panel__text sib-form-message-panel__text--center\">\r\n        <svg viewBox=\"0 0 512 512\" class=\"sib-icon sib-notification__icon\">\r\n          <path d=\"M256 8C119.033 8 8 119.033 8 256s111.033 248 248 248 248-111.033 248-248S392.967 8 256 8zm0 464c-118.664 0-216-96.055-216-216 0-118.663 96.055-216 216-216 118.664 0 216 96.055 216 216 0 118.663-96.055 216-216 216zm141.63-274.961L217.15 376.071c-4.705 4.667-12.303 4.637-16.97-.068l-85.878-86.572c-4.667-4.705-4.637-12.303.068-16.97l8.52-8.451c4.705-4.667 12.303-4.637 16.97.068l68.976 69.533 163.441-162.13c4.705-4.667 12.303-4.637 16.97.068l8.451 8.52c4.668 4.705 4.637 12.303-.068 16.97z\" \/>\r\n        <\/svg>\r\n        <span class=\"sib-form-message-panel__inner-text\">\r\n                          Votre inscription a \u00e9t\u00e9 r\u00e9ussie.\r\n                      <\/span>\r\n      <\/div>\r\n    <\/div>\r\n    <div><\/div>\r\n    <div id=\"sib-container\" class=\"sib-container--large sib-container--vertical\" style=\"text-align:center; background-color:rgba(255,255,255,1); max-width:540px; border-radius:25px; border-width:0px; border-color:#C0CCD9; border-style:solid; direction:ltr\">\r\n      <form id=\"sib-form\" method=\"POST\" action=\"https:\/\/4923f663.sibforms.com\/serve\/MUIFAORG333fBSgi4g-gd9ZfWaf1pYa3vhXyNxbSTKVjnU_vuCql1t_Trm3AqhvHsTxXob75hzMEZSXM5h3UoIbQttY0M3zWhwdCPVY7nZvmxIz2ATu9G4eLTSMSLa6aGDMTbLiWntE2N-jgwsCcyjSvPImJ-sNQeZwpJ2wn6XnHEVCzGTrLw1xzj4UbprJt1yWEwEupQMqbKS3V\" data-type=\"subscription\">\r\n        <div style=\"padding: 8px 0;\">\r\n          <div class=\"sib-form-block\" style=\"font-size:28px; text-align:left; font-weight:700; font-family:'Lucida Grande', sans-serif; color:#003c58; background-color:transparent; text-align:left\">\r\n            <p>S'abonner<\/p>\r\n          <\/div>\r\n        <\/div>\r\n        <div style=\"padding: 8px 0;\">\r\n          <div class=\"sib-form-block\" style=\"font-size:13px; text-align:left; font-family:'Lucida Grande', sans-serif; color:#003c58; background-color:transparent; text-align:left\">\r\n            <div class=\"sib-text-form-block\">\r\n              <p>Pour vous abonner \u00e0 notre newsletter, veuillez saisir votre adresse e-mail dans le champ ci-dessous, cocher la case de confirmation, et cliquer sur \"S'ABONNER\".<\/p>\r\n            <\/div>\r\n          <\/div>\r\n        <\/div>\r\n        <div style=\"padding: 8px 0;\">\r\n          <div class=\"sib-input sib-form-block\">\r\n            <div class=\"form__entry entry_block\">\r\n              <div class=\"form__label-row \">\r\n                <label class=\"entry__label\" style=\"font-weight: 700; text-align:left; font-size:14px; text-align:left; font-weight:700; font-family:'Lucida Grande', sans-serif; color:#45b385;\" for=\"EMAIL\" data-required=\"*\">ADRESSE E-MAIL<\/label>\r\n\r\n                <div class=\"entry__field\">\r\n                  <input class=\"input \" type=\"text\" id=\"EMAIL\" name=\"EMAIL\" autocomplete=\"off\" placeholder=\"ADRESSE E-MAIL\" data-required=\"true\" required \/>\r\n                <\/div>\r\n              <\/div>\r\n\r\n              <label class=\"entry__error entry__error--primary\" style=\"font-size:16px; text-align:left; font-family:'Helvetica', sans-serif; color:#661d1d; background-color:#ffeded; border-radius:3px; border-color:#ff4949;\">\r\n              <\/label>\r\n              <label class=\"entry__specification\" style=\"font-size:12px; text-align:left; font-family:'Lucida Grande', sans-serif; color:#8390A4; text-align:left\">\r\n                Veuillez saisir votre adresse e-mail pour vous inscrire, par exemple abc@xyz.com.\r\n              <\/label>\r\n            <\/div>\r\n          <\/div>\r\n        <\/div>\r\n        <div style=\"padding: 8px 0;\">\r\n          <div class=\"sib-input sib-form-block\">\r\n            <div class=\"form__entry entry_block\">\r\n              <div class=\"form__label-row \">\r\n                <label class=\"entry__label\" style=\"font-weight: 700; text-align:left; font-size:14px; text-align:left; font-weight:700; font-family:'Lucida Grande', sans-serif; color:#45b385;\" for=\"VORNAME\" data-required=\"*\">PR\u00c9NOM<\/label>\r\n\r\n                <div class=\"entry__field\">\r\n                  <input class=\"input \" maxlength=\"200\" type=\"text\" id=\"VORNAME\" name=\"VORNAME\" autocomplete=\"off\" placeholder=\"PR\u00c9NOM\" data-required=\"true\" required \/>\r\n                <\/div>\r\n              <\/div>\r\n\r\n              <label class=\"entry__error entry__error--primary\" style=\"font-size:16px; text-align:left; font-family:'Helvetica', sans-serif; color:#661d1d; background-color:#ffeded; border-radius:3px; border-color:#ff4949;\">\r\n              <\/label>\r\n            <\/div>\r\n          <\/div>\r\n        <\/div>\r\n        <div style=\"padding: 8px 0;\">\r\n          <div class=\"sib-input sib-form-block\">\r\n            <div class=\"form__entry entry_block\">\r\n              <div class=\"form__label-row \">\r\n                <label class=\"entry__label\" style=\"font-weight: 700; text-align:left; font-size:14px; text-align:left; font-weight:700; font-family:'Lucida Grande', sans-serif; color:#45b385;\" for=\"NACHNAME\" data-required=\"*\">NOM de FAMILLE<\/label>\r\n\r\n                <div class=\"entry__field\">\r\n                  <input class=\"input \" maxlength=\"200\" type=\"text\" id=\"NACHNAME\" name=\"NACHNAME\" autocomplete=\"off\" placeholder=\"NOM de FAMILLE\" data-required=\"true\" required \/>\r\n                <\/div>\r\n              <\/div>\r\n\r\n              <label class=\"entry__error entry__error--primary\" style=\"font-size:16px; text-align:left; font-family:'Helvetica', sans-serif; color:#661d1d; background-color:#ffeded; border-radius:3px; border-color:#ff4949;\">\r\n              <\/label>\r\n            <\/div>\r\n          <\/div>\r\n        <\/div>\r\n        <div style=\"padding: 8px 0;\">\r\n          <div class=\"sib-input sib-form-block\">\r\n            <div class=\"form__entry entry_block\">\r\n              <div class=\"form__label-row \">\r\n                <label class=\"entry__label\" style=\"font-weight: 700; text-align:left; font-size:14px; text-align:left; font-weight:700; font-family:'Lucida Grande', sans-serif; color:#45b385;\" for=\"UNTERNEHMEN\" data-required=\"*\">ENTREPRISE<\/label>\r\n\r\n                <div class=\"entry__field\">\r\n                  <input class=\"input \" maxlength=\"200\" type=\"text\" id=\"UNTERNEHMEN\" name=\"UNTERNEHMEN\" autocomplete=\"off\" placeholder=\"ENTREPRISE\" data-required=\"true\" required \/>\r\n                <\/div>\r\n              <\/div>\r\n\r\n              <label class=\"entry__error entry__error--primary\" style=\"font-size:16px; text-align:left; font-family:'Helvetica', sans-serif; color:#661d1d; background-color:#ffeded; border-radius:3px; border-color:#ff4949;\">\r\n              <\/label>\r\n            <\/div>\r\n          <\/div>\r\n        <\/div>\r\n        <div style=\"padding: 8px 0;\">\r\n          <div class=\"sib-optin sib-form-block\">\r\n            <div class=\"form__entry entry_mcq\">\r\n              <div class=\"form__label-row \">\r\n                <div class=\"entry__choice\">\r\n                  <label>\r\n                    <input type=\"checkbox\" class=\"input_replaced\" value=\"1\" id=\"OPT_IN\" name=\"OPT_IN\" \/>\r\n                    <span class=\"checkbox checkbox_tick_positive\"\r\n            style=\"margin-left:auto\"\r\n            ><\/span><span style=\"font-size:14px; text-align:left; font-family:'Helvetica', sans-serif; color:#3C4858; background-color:transparent;\"><p>\"Je souhaite recevoir la newsletter du groupe Perimeter Protection. Je sais que je peux me d\u00e9sabonner gratuitement \u00e0 tout moment avec effet pour l'avenir et que mes donn\u00e9es ne seront utilis\u00e9es que dans le cadre de la gestion de l'abonnement \u00e0 la newsletter et ne seront pas transmises \u00e0 des tiers. J'ai lu la politique de <a href=\"https:\/\/perimeterprotection.net\/fr\/mentions-legales\/\" target=\"_blank\">confidentialit\u00e9 des donn\u00e9es.<\/a>\"<\/p><\/span> <\/label>\r\n                <\/div>\r\n              <\/div>\r\n              <label class=\"entry__error entry__error--primary\" style=\"font-size:16px; text-align:left; font-family:'Helvetica', sans-serif; color:#661d1d; background-color:#ffeded; border-radius:3px; border-color:#ff4949;\">\r\n              <\/label>\r\n            <\/div>\r\n          <\/div>\r\n        <\/div>\r\n        <div style=\"padding: 8px 0;\">\r\n          <div class=\"g-recaptcha-v3\" data-sitekey=\"6Lf1woQdAAAAAMzMtFMXljlhb6h5BMLqceCzEhum\" style=\"display: none\"><\/div>\r\n        <\/div>\r\n        <div style=\"padding: 8px 0;\">\r\n          <div class=\"sib-form__declaration\" style=\"direction:ltr\">\r\n            <div class=\"declaration-block-icon\">\r\n              <svg class=\"icon__SVG\" width=\"0\" height=\"0\" version=\"1.1\" xmlns=\"http:\/\/www.w3.org\/2000\/svg\">\r\n                <defs>\r\n                  <symbol id=\"svgIcon-sphere\" viewBox=\"0 0 63 63\">\r\n                    <path class=\"path1\" d=\"M31.54 0l1.05 3.06 3.385-.01-2.735 1.897 1.05 3.042-2.748-1.886-2.738 1.886 1.044-3.05-2.745-1.897h3.393zm13.97 3.019L46.555 6.4l3.384.01-2.743 2.101 1.048 3.387-2.752-2.1-2.752 2.1 1.054-3.382-2.745-2.105h3.385zm9.998 10.056l1.039 3.382h3.38l-2.751 2.1 1.05 3.382-2.744-2.091-2.743 2.091 1.054-3.381-2.754-2.1h3.385zM58.58 27.1l1.04 3.372h3.379l-2.752 2.096 1.05 3.387-2.744-2.091-2.75 2.092 1.054-3.387-2.747-2.097h3.376zm-3.076 14.02l1.044 3.364h3.385l-2.743 2.09 1.05 3.392-2.744-2.097-2.743 2.097 1.052-3.377-2.752-2.117 3.385-.01zm-9.985 9.91l1.045 3.364h3.393l-2.752 2.09 1.05 3.393-2.745-2.097-2.743 2.097 1.05-3.383-2.751-2.1 3.384-.01zM31.45 55.01l1.044 3.043 3.393-.008-2.752 1.9L34.19 63l-2.744-1.895-2.748 1.891 1.054-3.05-2.743-1.9h3.384zm-13.934-3.98l1.036 3.364h3.402l-2.752 2.09 1.053 3.393-2.747-2.097-2.752 2.097 1.053-3.382-2.743-2.1 3.384-.01zm-9.981-9.91l1.045 3.364h3.398l-2.748 2.09 1.05 3.392-2.753-2.1-2.752 2.096 1.053-3.382-2.743-2.102 3.384-.009zM4.466 27.1l1.038 3.372H8.88l-2.752 2.097 1.053 3.387-2.743-2.09-2.748 2.09 1.053-3.387L0 30.472h3.385zm3.069-14.025l1.045 3.382h3.395L9.23 18.56l1.05 3.381-2.752-2.09-2.752 2.09 1.053-3.381-2.744-2.1h3.384zm9.99-10.056L18.57 6.4l3.393.01-2.743 2.1 1.05 3.373-2.754-2.092-2.751 2.092 1.053-3.382-2.744-2.1h3.384zm24.938 19.394l-10-4.22a2.48 2.48 0 00-1.921 0l-10 4.22A2.529 2.529 0 0019 24.75c0 10.47 5.964 17.705 11.537 20.057a2.48 2.48 0 001.921 0C36.921 42.924 44 36.421 44 24.75a2.532 2.532 0 00-1.537-2.336zm-2.46 6.023l-9.583 9.705a.83.83 0 01-1.177 0l-5.416-5.485a.855.855 0 010-1.192l1.177-1.192a.83.83 0 011.177 0l3.65 3.697 7.819-7.916a.83.83 0 011.177 0l1.177 1.191a.843.843 0 010 1.192z\" fill=\"#0092FF\"><\/path>\r\n                  <\/symbol>\r\n                <\/defs>\r\n              <\/svg>\r\n              <svg class=\"svgIcon-sphere\" style=\"width:45px; height:45px;\">\r\n                <use xlink:href=\"#svgIcon-sphere\"><\/use>\r\n              <\/svg>\r\n            <\/div>\r\n            <div style=\"font-size:10px; text-align:left; font-family:'Trebuchet MS', sans-serif; color:#687484; background-color:transparent;\">\r\n              <p>Nous utilisons Brevo comme plateforme marketing. En soumettant le formulaire, vous acceptez que les informations personnelles que vous fournissez soient transf\u00e9r\u00e9es \u00e0 Brevo pour traitement conform\u00e9ment \u00e0 la politique<a href=\"https:\/\/www.brevo.com\/fr\/legal\/privacypolicy\/\" target=\"_blank\"> de confidentialit\u00e9 de Brevo.<\/a><\/p>\r\n            <\/div>\r\n          <\/div>\r\n        <\/div>\r\n        <div style=\"padding: 8px 0;\">\r\n          <div class=\"sib-form-block\" style=\"text-align: left\">\r\n            <button class=\"sib-form-block__button sib-form-block__button-with-loader\" style=\"font-size:16px; text-align:left; font-weight:700; font-family:'Helvetica', sans-serif; color:#FFFFFF; background-color:#45b385; border-radius:3px; border-width:0px;\" form=\"sib-form\" type=\"submit\">\r\n              <svg class=\"icon clickable__icon progress-indicator__icon sib-hide-loader-icon\" viewBox=\"0 0 512 512\">\r\n                <path d=\"M460.116 373.846l-20.823-12.022c-5.541-3.199-7.54-10.159-4.663-15.874 30.137-59.886 28.343-131.652-5.386-189.946-33.641-58.394-94.896-95.833-161.827-99.676C261.028 55.961 256 50.751 256 44.352V20.309c0-6.904 5.808-12.337 12.703-11.982 83.556 4.306 160.163 50.864 202.11 123.677 42.063 72.696 44.079 162.316 6.031 236.832-3.14 6.148-10.75 8.461-16.728 5.01z\" \/>\r\n              <\/svg>\r\n              S&#039;abonner\r\n            <\/button>\r\n          <\/div>\r\n        <\/div>\r\n\r\n        <input type=\"text\" name=\"email_address_check\" value=\"\" class=\"input--hidden\">\r\n        <input type=\"hidden\" name=\"locale\" value=\"de\">\r\n      <\/form>\r\n    <\/div>\r\n  <\/div>\r\n<\/div>\r\n<!-- END - We recommend to place the above code where you want the form in your website html  -->\r\n\r\n<!-- START - We recommend to place the below code in footer or bottom of your website html  -->\r\n<script>\r\n  window.REQUIRED_CODE_ERROR_MESSAGE = 'W\u00e4hlen Sie bitte einen L\u00e4ndervorwahl aus.';\r\n  window.LOCALE = 'de';\r\n  window.EMAIL_INVALID_MESSAGE = window.SMS_INVALID_MESSAGE = \"Les informations saisies ne sont pas valides. Veuillez v\u00e9rifier le format du champ et r\u00e9essayer.\";\r\n\r\n  window.REQUIRED_ERROR_MESSAGE = \"Ce champ ne doit pas \u00eatre vide. \";\r\n\r\n  window.GENERIC_INVALID_MESSAGE = \"Les informations saisies ne sont pas valides. Veuillez v\u00e9rifier le format du champ et r\u00e9essayer.\";\r\n\r\n\r\n\r\n\r\n  window.translation = {\r\n    common: {\r\n      selectedList: '{quantity} Liste ausgew\u00e4hlt',\r\n      selectedLists: '{quantity} Listen ausgew\u00e4hlt'\r\n    }\r\n  };\r\n\r\n  var AUTOHIDE = Boolean(0);\r\n<\/script>\r\n\r\n<script defer src=\"https:\/\/sibforms.com\/forms\/end-form\/build\/main.js\"><\/script>\r\n\r\n<script src=\"https:\/\/www.google.com\/recaptcha\/api.js?render=6Lf1woQdAAAAAMzMtFMXljlhb6h5BMLqceCzEhum&hl=de\" async defer><\/script>\r\n\r\n<!-- END - We recommend to place the above code in footer or bottom of your website html  -->\r\n<!-- End Brevo Form -->\t\t<\/div>\n\t\t\t\t<\/div>\n\t\t\t\t\t<\/div>\n\t\t<\/div>\n\t\t\t\t\t<\/div>\n\t\t<\/section>\n\t\t\t\t<\/div>\n\t\t","protected":false},"excerpt":{"rendered":"<p>Votre inscription n&#039;a pas pu \u00eatre enregistr\u00e9e. Veuillez r\u00e9essayer. Votre inscription a \u00e9t\u00e9 r\u00e9ussie. S&rsquo;abonner Pour vous abonner \u00e0 notre newsletter, veuillez saisir votre adresse e-mail dans le champ ci-dessous, cocher la case de confirmation, et cliquer sur \u00ab\u00a0S&rsquo;ABONNER\u00a0\u00bb. ADRESSE E-MAIL Veuillez saisir votre adresse e-mail pour vous inscrire, par exemple abc@xyz.com. PR\u00c9NOM NOM de [&hellip;]<\/p>\n","protected":false},"author":1,"featured_media":0,"parent":0,"menu_order":0,"comment_status":"closed","ping_status":"closed","template":"","meta":{"footnotes":"","_wp_rev_ctl_limit":""},"class_list":["post-30912","page","type-page","status-publish","hentry"],"yoast_head":"<!-- This site is optimized with the Yoast SEO plugin v23.4 - https:\/\/yoast.com\/wordpress\/plugins\/seo\/ -->\n<title>Newsletter - Perimeter Protection<\/title>\n<meta name=\"robots\" content=\"index, follow, max-snippet:-1, max-image-preview:large, max-video-preview:-1\" \/>\n<link rel=\"canonical\" href=\"https:\/\/perimeterprotection.net\/fr\/newsletter\/\" \/>\n<meta property=\"og:locale\" content=\"fr_FR\" \/>\n<meta property=\"og:type\" content=\"article\" \/>\n<meta property=\"og:title\" content=\"Newsletter - Perimeter Protection\" \/>\n<meta property=\"og:description\" content=\"Votre inscription n&#039;a pas pu \u00eatre enregistr\u00e9e. Veuillez r\u00e9essayer. Votre inscription a \u00e9t\u00e9 r\u00e9ussie. S&rsquo;abonner Pour vous abonner \u00e0 notre newsletter, veuillez saisir votre adresse e-mail dans le champ ci-dessous, cocher la case de confirmation, et cliquer sur \u00ab\u00a0S&rsquo;ABONNER\u00a0\u00bb. ADRESSE E-MAIL Veuillez saisir votre adresse e-mail pour vous inscrire, par exemple abc@xyz.com. PR\u00c9NOM NOM de [&hellip;]\" \/>\n<meta property=\"og:url\" content=\"https:\/\/perimeterprotection.net\/fr\/newsletter\/\" \/>\n<meta property=\"og:site_name\" content=\"Perimeter Protection\" \/>\n<meta property=\"article:modified_time\" content=\"2024-07-23T14:21:59+00:00\" \/>\n<meta name=\"twitter:card\" content=\"summary_large_image\" \/>\n<meta name=\"twitter:label1\" content=\"Dur\u00e9e de lecture estim\u00e9e\" \/>\n\t<meta name=\"twitter:data1\" content=\"1 minute\" \/>\n<script type=\"application\/ld+json\" class=\"yoast-schema-graph\">{\"@context\":\"https:\/\/schema.org\",\"@graph\":[{\"@type\":\"WebPage\",\"@id\":\"https:\/\/perimeterprotection.net\/fr\/newsletter\/\",\"url\":\"https:\/\/perimeterprotection.net\/fr\/newsletter\/\",\"name\":\"Newsletter - Perimeter Protection\",\"isPartOf\":{\"@id\":\"https:\/\/perimeterprotection.net\/fr\/#website\"},\"datePublished\":\"2024-07-19T07:17:58+00:00\",\"dateModified\":\"2024-07-23T14:21:59+00:00\",\"inLanguage\":\"fr-FR\",\"potentialAction\":[{\"@type\":\"ReadAction\",\"target\":[\"https:\/\/perimeterprotection.net\/fr\/newsletter\/\"]}]},{\"@type\":\"WebSite\",\"@id\":\"https:\/\/perimeterprotection.net\/fr\/#website\",\"url\":\"https:\/\/perimeterprotection.net\/fr\/\",\"name\":\"Perimeter Protection\",\"description\":\"Keeping your perimeter secure\",\"publisher\":{\"@id\":\"https:\/\/perimeterprotection.net\/fr\/#organization\"},\"potentialAction\":[{\"@type\":\"SearchAction\",\"target\":{\"@type\":\"EntryPoint\",\"urlTemplate\":\"https:\/\/perimeterprotection.net\/fr\/?s={search_term_string}\"},\"query-input\":{\"@type\":\"PropertyValueSpecification\",\"valueRequired\":true,\"valueName\":\"search_term_string\"}}],\"inLanguage\":\"fr-FR\"},{\"@type\":\"Organization\",\"@id\":\"https:\/\/perimeterprotection.net\/fr\/#organization\",\"name\":\"Perimeter Protection\",\"url\":\"https:\/\/perimeterprotection.net\/fr\/\",\"logo\":{\"@type\":\"ImageObject\",\"inLanguage\":\"fr-FR\",\"@id\":\"https:\/\/perimeterprotection.net\/fr\/#\/schema\/logo\/image\/\",\"url\":\"https:\/\/perimeterprotection.net\/wp-content\/uploads\/2022\/07\/perimeter-protection-ppg-logo-weiss.png\",\"contentUrl\":\"https:\/\/perimeterprotection.net\/wp-content\/uploads\/2022\/07\/perimeter-protection-ppg-logo-weiss.png\",\"width\":1280,\"height\":377,\"caption\":\"Perimeter Protection\"},\"image\":{\"@id\":\"https:\/\/perimeterprotection.net\/fr\/#\/schema\/logo\/image\/\"}}]}<\/script>\n<!-- \/ Yoast SEO plugin. -->","yoast_head_json":{"title":"Newsletter - Perimeter Protection","robots":{"index":"index","follow":"follow","max-snippet":"max-snippet:-1","max-image-preview":"max-image-preview:large","max-video-preview":"max-video-preview:-1"},"canonical":"https:\/\/perimeterprotection.net\/fr\/newsletter\/","og_locale":"fr_FR","og_type":"article","og_title":"Newsletter - Perimeter Protection","og_description":"Votre inscription n&#039;a pas pu \u00eatre enregistr\u00e9e. Veuillez r\u00e9essayer. Votre inscription a \u00e9t\u00e9 r\u00e9ussie. S&rsquo;abonner Pour vous abonner \u00e0 notre newsletter, veuillez saisir votre adresse e-mail dans le champ ci-dessous, cocher la case de confirmation, et cliquer sur \u00ab\u00a0S&rsquo;ABONNER\u00a0\u00bb. ADRESSE E-MAIL Veuillez saisir votre adresse e-mail pour vous inscrire, par exemple abc@xyz.com. PR\u00c9NOM NOM de [&hellip;]","og_url":"https:\/\/perimeterprotection.net\/fr\/newsletter\/","og_site_name":"Perimeter Protection","article_modified_time":"2024-07-23T14:21:59+00:00","twitter_card":"summary_large_image","twitter_misc":{"Dur\u00e9e de lecture estim\u00e9e":"1 minute"},"schema":{"@context":"https:\/\/schema.org","@graph":[{"@type":"WebPage","@id":"https:\/\/perimeterprotection.net\/fr\/newsletter\/","url":"https:\/\/perimeterprotection.net\/fr\/newsletter\/","name":"Newsletter - Perimeter Protection","isPartOf":{"@id":"https:\/\/perimeterprotection.net\/fr\/#website"},"datePublished":"2024-07-19T07:17:58+00:00","dateModified":"2024-07-23T14:21:59+00:00","inLanguage":"fr-FR","potentialAction":[{"@type":"ReadAction","target":["https:\/\/perimeterprotection.net\/fr\/newsletter\/"]}]},{"@type":"WebSite","@id":"https:\/\/perimeterprotection.net\/fr\/#website","url":"https:\/\/perimeterprotection.net\/fr\/","name":"Perimeter Protection","description":"Keeping your perimeter secure","publisher":{"@id":"https:\/\/perimeterprotection.net\/fr\/#organization"},"potentialAction":[{"@type":"SearchAction","target":{"@type":"EntryPoint","urlTemplate":"https:\/\/perimeterprotection.net\/fr\/?s={search_term_string}"},"query-input":{"@type":"PropertyValueSpecification","valueRequired":true,"valueName":"search_term_string"}}],"inLanguage":"fr-FR"},{"@type":"Organization","@id":"https:\/\/perimeterprotection.net\/fr\/#organization","name":"Perimeter Protection","url":"https:\/\/perimeterprotection.net\/fr\/","logo":{"@type":"ImageObject","inLanguage":"fr-FR","@id":"https:\/\/perimeterprotection.net\/fr\/#\/schema\/logo\/image\/","url":"https:\/\/perimeterprotection.net\/wp-content\/uploads\/2022\/07\/perimeter-protection-ppg-logo-weiss.png","contentUrl":"https:\/\/perimeterprotection.net\/wp-content\/uploads\/2022\/07\/perimeter-protection-ppg-logo-weiss.png","width":1280,"height":377,"caption":"Perimeter Protection"},"image":{"@id":"https:\/\/perimeterprotection.net\/fr\/#\/schema\/logo\/image\/"}}]}},"_links":{"self":[{"href":"https:\/\/perimeterprotection.net\/fr\/wp-json\/wp\/v2\/pages\/30912"}],"collection":[{"href":"https:\/\/perimeterprotection.net\/fr\/wp-json\/wp\/v2\/pages"}],"about":[{"href":"https:\/\/perimeterprotection.net\/fr\/wp-json\/wp\/v2\/types\/page"}],"author":[{"embeddable":true,"href":"https:\/\/perimeterprotection.net\/fr\/wp-json\/wp\/v2\/users\/1"}],"replies":[{"embeddable":true,"href":"https:\/\/perimeterprotection.net\/fr\/wp-json\/wp\/v2\/comments?post=30912"}],"version-history":[{"count":0,"href":"https:\/\/perimeterprotection.net\/fr\/wp-json\/wp\/v2\/pages\/30912\/revisions"}],"wp:attachment":[{"href":"https:\/\/perimeterprotection.net\/fr\/wp-json\/wp\/v2\/media?parent=30912"}],"curies":[{"name":"wp","href":"https:\/\/api.w.org\/{rel}","templated":true}]}}